{"id":342,"date":"2023-04-05T10:09:39","date_gmt":"2023-04-05T09:09:39","guid":{"rendered":"http:\/\/www.beyond.rs\/?page_id=342"},"modified":"2023-04-15T13:49:53","modified_gmt":"2023-04-15T12:49:53","slug":"upotreba-kolacica","status":"publish","type":"page","link":"https:\/\/auroit.com\/sr\/upotreba-kolacica\/","title":{"rendered":"Upotreba kola\u010di\u0107a"},"content":{"rendered":"<p><img decoding=\"async\" class=\"size-full wp-image-579 aligncenter\" src=\"http:\/\/www.beyond.rs\/wp-content\/uploads\/images\/template\/cookie.svg\" alt=\"\" \/><\/p>\n<p>Cookies (u daljem tekstu: kola\u010di\u0107i) su mali tekstualni fajlovi koji se plasiraju na ra\u010dunar korisnika, a zarad optimizacije i personalizovanja korisni\u010dkog iskustva. Zakon navodi da mo\u017eemo \u010duvati kola\u010di\u0107e na va\u0161em ure\u0111aju ako su strogo neophodni za rad ovog sajta. Za sve ostale tipove kola\u010di\u0107a nam je potrebna va\u0161a saglasnost. Obavezno potrebni kola\u010di\u0107i poma\u017eu pri kretanju veb sajtom tako da aktiviraju osnovne funkcije, npr. navigaciju stranicom i pristup sigurnim oblastima veb sajta. Bez tih kola\u010di\u0107a veb sajt ne bi mogao da ispravno funkcioni\u0161e. Ovaj sajt koristi razli\u010dite tipove kola\u010di\u0107a. Neke kola\u010di\u0107e koji se pojavljuju na na\u0161im stranama postavljaju usluge tre\u0107ih strana (npr. Google).<\/p>\n<p>&nbsp;<\/p>","protected":false},"excerpt":{"rendered":"<p>Cookies (u daljem tekstu: kola\u010di\u0107i) su mali tekstualni fajlovi koji se plasiraju na ra\u010dunar korisnika, a zarad optimizacije i personalizovanja korisni\u010dkog iskustva. Zakon navodi da&#8230;<\/p>","protected":false},"author":1,"featured_media":0,"parent":0,"menu_order":0,"comment_status":"closed","ping_status":"closed","template":"","meta":{"_acf_changed":false,"footnotes":""},"categories":[],"tags":[],"class_list":["post-342","page","type-page","status-publish","hentry"],"acf":[],"mb":[],"yoast_head":"<!-- This site is optimized with the Yoast SEO plugin v27.1.1 - https:\/\/yoast.com\/product\/yoast-seo-wordpress\/ -->\n<title>Upotreba kola\u010di\u0107a - AUROIT<\/title>\n<meta name=\"robots\" content=\"noindex, follow, max-snippet:-1, max-image-preview:large, max-video-preview:-1\" \/>\n<meta property=\"og:locale\" content=\"sr_RS\" \/>\n<meta property=\"og:type\" content=\"article\" \/>\n<meta property=\"og:title\" content=\"Upotreba kola\u010di\u0107a - AUROIT\" \/>\n<meta property=\"og:description\" content=\"Cookies (u daljem tekstu: kola\u010di\u0107i) su mali tekstualni fajlovi koji se plasiraju na ra\u010dunar korisnika, a zarad optimizacije i personalizovanja korisni\u010dkog iskustva. Zakon navodi da...\" \/>\n<meta property=\"og:url\" content=\"https:\/\/auroit.com\/sr\/upotreba-kolacica\/\" \/>\n<meta property=\"og:site_name\" content=\"AUROIT\" \/>\n<meta property=\"article:publisher\" content=\"https:\/\/www.facebook.com\/Beyond.rs\/\" \/>\n<meta property=\"article:modified_time\" content=\"2023-04-15T12:49:53+00:00\" \/>\n<meta property=\"og:image\" content=\"http:\/\/www.beyond.rs\/wp-content\/uploads\/images\/template\/cookie.svg\" \/>\n<meta name=\"twitter:card\" content=\"summary_large_image\" \/>\n<meta name=\"twitter:label1\" content=\"Procenjeno vreme \u010ditanja\" \/>\n\t<meta name=\"twitter:data1\" content=\"1 minut\" \/>\n<script type=\"application\/ld+json\" class=\"yoast-schema-graph\">{\"@context\":\"https:\/\/schema.org\",\"@graph\":[{\"@type\":\"WebPage\",\"@id\":\"https:\/\/auroit.com\/upotreba-kolacica\/\",\"url\":\"https:\/\/auroit.com\/upotreba-kolacica\/\",\"name\":\"Upotreba kola\u010di\u0107a - AUROIT\",\"isPartOf\":{\"@id\":\"https:\/\/auroit.com\/#website\"},\"primaryImageOfPage\":{\"@id\":\"https:\/\/auroit.com\/upotreba-kolacica\/#primaryimage\"},\"image\":{\"@id\":\"https:\/\/auroit.com\/upotreba-kolacica\/#primaryimage\"},\"thumbnailUrl\":\"http:\/\/www.beyond.rs\/wp-content\/uploads\/images\/template\/cookie.svg\",\"datePublished\":\"2023-04-05T09:09:39+00:00\",\"dateModified\":\"2023-04-15T12:49:53+00:00\",\"breadcrumb\":{\"@id\":\"https:\/\/auroit.com\/upotreba-kolacica\/#breadcrumb\"},\"inLanguage\":\"sr-RS\",\"potentialAction\":[{\"@type\":\"ReadAction\",\"target\":[\"https:\/\/auroit.com\/upotreba-kolacica\/\"]}]},{\"@type\":\"ImageObject\",\"inLanguage\":\"sr-RS\",\"@id\":\"https:\/\/auroit.com\/upotreba-kolacica\/#primaryimage\",\"url\":\"http:\/\/www.beyond.rs\/wp-content\/uploads\/images\/template\/cookie.svg\",\"contentUrl\":\"http:\/\/www.beyond.rs\/wp-content\/uploads\/images\/template\/cookie.svg\"},{\"@type\":\"BreadcrumbList\",\"@id\":\"https:\/\/auroit.com\/upotreba-kolacica\/#breadcrumb\",\"itemListElement\":[{\"@type\":\"ListItem\",\"position\":1,\"name\":\"Po\u010detna\",\"item\":\"https:\/\/auroit.com\/\"},{\"@type\":\"ListItem\",\"position\":2,\"name\":\"Upotreba kola\u010di\u0107a\"}]},{\"@type\":\"WebSite\",\"@id\":\"https:\/\/auroit.com\/#website\",\"url\":\"https:\/\/auroit.com\/\",\"name\":\"Beyond.rs\",\"description\":\"Web dizajn, marketing, SEO\",\"publisher\":{\"@id\":\"https:\/\/auroit.com\/#organization\"},\"potentialAction\":[{\"@type\":\"SearchAction\",\"target\":{\"@type\":\"EntryPoint\",\"urlTemplate\":\"https:\/\/auroit.com\/?s={search_term_string}\"},\"query-input\":{\"@type\":\"PropertyValueSpecification\",\"valueRequired\":true,\"valueName\":\"search_term_string\"}}],\"inLanguage\":\"sr-RS\"},{\"@type\":\"Organization\",\"@id\":\"https:\/\/auroit.com\/#organization\",\"name\":\"Beyond doo\",\"url\":\"https:\/\/auroit.com\/\",\"logo\":{\"@type\":\"ImageObject\",\"inLanguage\":\"sr-RS\",\"@id\":\"https:\/\/auroit.com\/#\/schema\/logo\/image\/\",\"url\":\"\",\"contentUrl\":\"\",\"caption\":\"Beyond doo\"},\"image\":{\"@id\":\"https:\/\/auroit.com\/#\/schema\/logo\/image\/\"},\"sameAs\":[\"https:\/\/www.facebook.com\/Beyond.rs\/\"]}]}<\/script>\n<!-- \/ Yoast SEO plugin. -->","yoast_head_json":{"title":"Upotreba kola\u010di\u0107a - AUROIT","robots":{"index":"noindex","follow":"follow","max-snippet":"max-snippet:-1","max-image-preview":"max-image-preview:large","max-video-preview":"max-video-preview:-1"},"og_locale":"sr_RS","og_type":"article","og_title":"Upotreba kola\u010di\u0107a - AUROIT","og_description":"Cookies (u daljem tekstu: kola\u010di\u0107i) su mali tekstualni fajlovi koji se plasiraju na ra\u010dunar korisnika, a zarad optimizacije i personalizovanja korisni\u010dkog iskustva. Zakon navodi da...","og_url":"https:\/\/auroit.com\/sr\/upotreba-kolacica\/","og_site_name":"AUROIT","article_publisher":"https:\/\/www.facebook.com\/Beyond.rs\/","article_modified_time":"2023-04-15T12:49:53+00:00","og_image":[{"url":"http:\/\/www.beyond.rs\/wp-content\/uploads\/images\/template\/cookie.svg","type":"","width":"","height":""}],"twitter_card":"summary_large_image","twitter_misc":{"Procenjeno vreme \u010ditanja":"1 minut"},"schema":{"@context":"https:\/\/schema.org","@graph":[{"@type":"WebPage","@id":"https:\/\/auroit.com\/upotreba-kolacica\/","url":"https:\/\/auroit.com\/upotreba-kolacica\/","name":"Upotreba kola\u010di\u0107a - AUROIT","isPartOf":{"@id":"https:\/\/auroit.com\/#website"},"primaryImageOfPage":{"@id":"https:\/\/auroit.com\/upotreba-kolacica\/#primaryimage"},"image":{"@id":"https:\/\/auroit.com\/upotreba-kolacica\/#primaryimage"},"thumbnailUrl":"http:\/\/www.beyond.rs\/wp-content\/uploads\/images\/template\/cookie.svg","datePublished":"2023-04-05T09:09:39+00:00","dateModified":"2023-04-15T12:49:53+00:00","breadcrumb":{"@id":"https:\/\/auroit.com\/upotreba-kolacica\/#breadcrumb"},"inLanguage":"sr-RS","potentialAction":[{"@type":"ReadAction","target":["https:\/\/auroit.com\/upotreba-kolacica\/"]}]},{"@type":"ImageObject","inLanguage":"sr-RS","@id":"https:\/\/auroit.com\/upotreba-kolacica\/#primaryimage","url":"http:\/\/www.beyond.rs\/wp-content\/uploads\/images\/template\/cookie.svg","contentUrl":"http:\/\/www.beyond.rs\/wp-content\/uploads\/images\/template\/cookie.svg"},{"@type":"BreadcrumbList","@id":"https:\/\/auroit.com\/upotreba-kolacica\/#breadcrumb","itemListElement":[{"@type":"ListItem","position":1,"name":"Po\u010detna","item":"https:\/\/auroit.com\/"},{"@type":"ListItem","position":2,"name":"Upotreba kola\u010di\u0107a"}]},{"@type":"WebSite","@id":"https:\/\/auroit.com\/#website","url":"https:\/\/auroit.com\/","name":"Beyond.rs","description":"Web dizajn, marketing, SEO","publisher":{"@id":"https:\/\/auroit.com\/#organization"},"potentialAction":[{"@type":"SearchAction","target":{"@type":"EntryPoint","urlTemplate":"https:\/\/auroit.com\/?s={search_term_string}"},"query-input":{"@type":"PropertyValueSpecification","valueRequired":true,"valueName":"search_term_string"}}],"inLanguage":"sr-RS"},{"@type":"Organization","@id":"https:\/\/auroit.com\/#organization","name":"Beyond doo","url":"https:\/\/auroit.com\/","logo":{"@type":"ImageObject","inLanguage":"sr-RS","@id":"https:\/\/auroit.com\/#\/schema\/logo\/image\/","url":"","contentUrl":"","caption":"Beyond doo"},"image":{"@id":"https:\/\/auroit.com\/#\/schema\/logo\/image\/"},"sameAs":["https:\/\/www.facebook.com\/Beyond.rs\/"]}]}},"mfb_rest_fields":["title","yoast_head","yoast_head_json","gutenberg_elementor_mode"],"_links":{"self":[{"href":"https:\/\/auroit.com\/sr\/wp-json\/wp\/v2\/pages\/342","targetHints":{"allow":["GET"]}}],"collection":[{"href":"https:\/\/auroit.com\/sr\/wp-json\/wp\/v2\/pages"}],"about":[{"href":"https:\/\/auroit.com\/sr\/wp-json\/wp\/v2\/types\/page"}],"author":[{"embeddable":true,"href":"https:\/\/auroit.com\/sr\/wp-json\/wp\/v2\/users\/1"}],"replies":[{"embeddable":true,"href":"https:\/\/auroit.com\/sr\/wp-json\/wp\/v2\/comments?post=342"}],"version-history":[{"count":0,"href":"https:\/\/auroit.com\/sr\/wp-json\/wp\/v2\/pages\/342\/revisions"}],"wp:attachment":[{"href":"https:\/\/auroit.com\/sr\/wp-json\/wp\/v2\/media?parent=342"}],"wp:term":[{"taxonomy":"category","embeddable":true,"href":"https:\/\/auroit.com\/sr\/wp-json\/wp\/v2\/categories?post=342"},{"taxonomy":"post_tag","embeddable":true,"href":"https:\/\/auroit.com\/sr\/wp-json\/wp\/v2\/tags?post=342"}],"curies":[{"name":"wp","href":"https:\/\/api.w.org\/{rel}","templated":true}]}}