{"id":178,"date":"2023-04-02T16:22:28","date_gmt":"2023-04-02T15:22:28","guid":{"rendered":"http:\/\/www.beyond.rs\/?page_id=178"},"modified":"2023-11-11T09:55:01","modified_gmt":"2023-11-11T08:55:01","slug":"proizvodnja-prodaja-zdrave-hrane","status":"publish","type":"page","link":"https:\/\/auroit.com\/sr\/proizvodnja-prodaja-zdrave-hrane\/","title":{"rendered":"Home Astra"},"content":{"rendered":"<div class=\"wp-block-uagb-container uagb-block-5fe37ae5 alignwide uagb-is-root-container\">\n<div class=\"wp-block-uagb-info-box uagb-block-e5c4c613 uagb-infobox__content-wrap  uagb-infobox-icon-below-title uagb-infobox-image-valign-top\"><div class=\"uagb-ifb-content\"><div class=\"uagb-ifb-title-wrap\"><h2 class=\"uagb-ifb-title\">Beyond proizvodnja i prodaja zdrave hrane<\/h2><\/div><div class=\"uagb-ifb-image-content\"><img decoding=\"async\" src=\"http:\/\/www.beyond.rs\/wp-content\/uploads\/virtuemart\/category\/1_proizvodi wide-300x221.jpg\" alt=\"\" width=\"300\" height=\"221\" loading=\"lazy\"\/><\/div><p class=\"uagb-ifb-desc\"><strong><a href=\"\/sr\/o-nama\/\">BEYOND<\/a><\/strong>  je pionir i lider u <strong><a href=\"\/sr\/brand\/beyond\/\">proizvodnji<\/a><\/strong> organskih proizvoda od soje, namaza i zdravih slatki\u0161a <br>i najve\u0107i doma\u0107i distributer organski gajenih proizvoda. <br>Deo repertoara iz na\u0161e <strong><a href=\"\/sr\/prodavnica\/\">ponude<\/a><\/strong> mo\u017eete naru\u010diti preko ove Internet prodavnice zdrave hrane.<br>Pregr\u0161t zdravih saveta mo\u017eete pro\u010ditati u na\u0161em <a href=\"\/sr\/blog\/\"><strong>blogu<\/strong> Zdravi Saveti<\/a>.<\/p><div class=\"uagb-ifb-button-wrapper wp-block-button\"><a href=\"\/sr\/shop\/\" class=\"uagb-infobox-cta-link wp-block-button__link\" target=\"_self\" rel=\"noopener noreferrer\" onclick=\"return true;\" alt=\"\"><span class=\"uagb-inline-editing\">E-Shop<\/span><svg xmlns=\"https:\/\/www.w3.org\/2000\/svg\" viewbox=\"0 0 512 512\"><path d=\"M504.3 273.6l-112.1 104c-6.992 6.484-17.18 8.218-25.94 4.406c-8.758-3.812-14.42-12.45-14.42-21.1L351.9 288H32C14.33 288 .0002 273.7 .0002 255.1S14.33 224 32 224h319.9l0-72c0-9.547 5.66-18.19 14.42-22c8.754-3.809 18.95-2.075 25.94 4.41l112.1 104C514.6 247.9 514.6 264.1 504.3 273.6z\"><\/path><\/svg><\/a><\/div><\/div><\/div>\n<\/div>\n\n\n\n<div class=\"wp-block-uagb-container uagb-block-d88b0148 alignfull uagb-is-root-container\"><div class=\"uagb-container-inner-blocks-wrap\">\n<h2 class=\"wp-block-heading has-text-align-center\" id=\"h-novi-beyond-proizvodi\">NOVI BEYOND PROIZVODI<\/h2>\n\n\n\n<div class=\"wp-block-query is-layout-flow wp-block-query-is-layout-flow\"><ul class=\"columns-5 products-block-post-template wp-block-post-template is-layout-grid wp-container-core-post-template-is-layout-fa521803 wp-block-post-template-is-layout-grid\"><li class=\"wp-block-post post-133463 post type-post status-publish format-standard has-post-thumbnail hentry\">\n\n\n<h3 style=\"margin-bottom:0.75rem;margin-top:0;\" class=\"has-text-align-center wp-block-post-title has-medium-font-size\">Prodaja preko Interneta<\/h3>\n\n\n\n\n<\/li><li class=\"wp-block-post post-297 post type-post status-publish format-standard has-post-thumbnail hentry category-web-agency\">\n\n\n<h3 style=\"margin-bottom:0.75rem;margin-top:0;\" class=\"has-text-align-center wp-block-post-title has-medium-font-size\">Lorem et diam aliquet amet egestas phasellus.<\/h3>\n\n\n\n\n<\/li><li class=\"wp-block-post post-296 post type-post status-publish format-standard has-post-thumbnail hentry category-web-agency\">\n\n\n<h3 style=\"margin-bottom:0.75rem;margin-top:0;\" class=\"has-text-align-center wp-block-post-title has-medium-font-size\">Diam aliquet amet egestas phasellus ondimentum sit etiam.<\/h3>\n\n\n\n\n<\/li><li class=\"wp-block-post post-295 post type-post status-publish format-standard has-post-thumbnail hentry category-web-agency\">\n\n\n<h3 style=\"margin-bottom:0.75rem;margin-top:0;\" class=\"has-text-align-center wp-block-post-title has-medium-font-size\">Eget facilisi aenean eu nulla nibh pellentesque hendrerit.<\/h3>\n\n\n\n\n<\/li><li class=\"wp-block-post post-255 post type-post status-publish format-standard has-post-thumbnail hentry category-web-agency\">\n\n\n<h3 style=\"margin-bottom:0.75rem;margin-top:0;\" class=\"has-text-align-center wp-block-post-title has-medium-font-size\">Rutrum eget facilisi aenean eu nulla nibh pellentesque hendrerit.<\/h3>\n\n\n\n\n<\/li><li class=\"wp-block-post post-256 post type-post status-publish format-standard has-post-thumbnail hentry category-web-agency\">\n\n\n<h3 style=\"margin-bottom:0.75rem;margin-top:0;\" class=\"has-text-align-center wp-block-post-title has-medium-font-size\">Condimentum sit etiam et diam aliquet amet egestas phasellus.<\/h3>\n\n\n\n\n<\/li><li class=\"wp-block-post post-254 post type-post status-publish format-standard has-post-thumbnail hentry category-web-agency\">\n\n\n<h3 style=\"margin-bottom:0.75rem;margin-top:0;\" class=\"has-text-align-center wp-block-post-title has-medium-font-size\">Eget facilisi aenean eu nibh pellentesque hendrerit.<\/h3>\n\n\n\n\n<\/li><li class=\"wp-block-post post-253 post type-post status-publish format-standard has-post-thumbnail hentry category-web-agency\">\n\n\n<h3 style=\"margin-bottom:0.75rem;margin-top:0;\" class=\"has-text-align-center wp-block-post-title has-medium-font-size\">Condimentum sit etiam et diam aliquet amet egestas phasellus.<\/h3>\n\n\n\n\n<\/li><li class=\"wp-block-post post-252 post type-post status-publish format-standard has-post-thumbnail hentry category-web-agency\">\n\n\n<h3 style=\"margin-bottom:0.75rem;margin-top:0;\" class=\"has-text-align-center wp-block-post-title has-medium-font-size\">Facilisi aenean eu nulla nibh pellentesque hendrerit.<\/h3>\n\n\n\n\n<\/li><li class=\"wp-block-post post-176 post type-post status-publish format-standard has-post-thumbnail hentry category-web-agency\">\n\n\n<h3 style=\"margin-bottom:0.75rem;margin-top:0;\" class=\"has-text-align-center wp-block-post-title has-medium-font-size\">The Benefits of Web Development for Agencies<\/h3>\n\n\n\n\n<\/li><\/ul><\/div>\n<\/div><\/div>\n\n\n\n<div class=\"wp-block-uagb-container uagb-block-92b77abd alignfull uagb-is-root-container\"><div class=\"uagb-container-inner-blocks-wrap\">\n<h2 class=\"wp-block-heading has-text-align-center\" id=\"h-artikli-na-snizenju\">ARTIKLI NA SNI\u017dENJU<\/h2>\n\n\n\n<div class=\"wp-block-query is-layout-flow wp-block-query-is-layout-flow\"><ul class=\"columns-5 products-block-post-template wp-block-post-template is-layout-grid wp-container-core-post-template-is-layout-fa521803 wp-block-post-template-is-layout-grid\"><li class=\"wp-block-post post-133575 post type-post status-publish format-standard has-post-thumbnail hentry category-web-sajtovi tag-html\">\n\n\n<h3 style=\"margin-bottom:0.75rem;margin-top:0;\" class=\"has-text-align-center wp-block-post-title has-medium-font-size\">2003-09-03 SZZ (HTML)<\/h3>\n\n\n\n\n<\/li><li class=\"wp-block-post post-133577 post type-post status-publish format-standard has-post-thumbnail hentry category-web-sajtovi tag-html\">\n\n\n<h3 style=\"margin-bottom:0.75rem;margin-top:0;\" class=\"has-text-align-center wp-block-post-title has-medium-font-size\">2004-10-15 AMI (HTML)<\/h3>\n\n\n\n\n<\/li><li class=\"wp-block-post post-133579 post type-post status-publish format-standard has-post-thumbnail hentry category-web-sajtovi tag-osc tag-shop\">\n\n\n<h3 style=\"margin-bottom:0.75rem;margin-top:0;\" class=\"has-text-align-center wp-block-post-title has-medium-font-size\">2006-05-06 Diskont AMI<\/h3>\n\n\n\n\n<\/li><li class=\"wp-block-post post-133581 post type-post status-publish format-standard has-post-thumbnail hentry category-web-sajtovi tag-cre\">\n\n\n<h3 style=\"margin-bottom:0.75rem;margin-top:0;\" class=\"has-text-align-center wp-block-post-title has-medium-font-size\">2006-10-24 PPROMET<\/h3>\n\n\n\n\n<\/li><li class=\"wp-block-post post-133583 post type-post status-publish format-standard has-post-thumbnail hentry category-web-sajtovi tag-html\">\n\n\n<h3 style=\"margin-bottom:0.75rem;margin-top:0;\" class=\"has-text-align-center wp-block-post-title has-medium-font-size\">2007-06-16 VEGEKIT<\/h3>\n\n\n\n\n<\/li><li class=\"wp-block-post post-133585 post type-post status-publish format-standard has-post-thumbnail hentry category-web-sajtovi tag-cms tag-shop\">\n\n\n<h3 style=\"margin-bottom:0.75rem;margin-top:0;\" class=\"has-text-align-center wp-block-post-title has-medium-font-size\">2007-12-10 Neretva Komerc<\/h3>\n\n\n\n\n<\/li><li class=\"wp-block-post post-133601 post type-post status-publish format-standard has-post-thumbnail hentry category-web-sajtovi tag-cms\">\n\n\n<h3 style=\"margin-bottom:0.75rem;margin-top:0;\" class=\"has-text-align-center wp-block-post-title has-medium-font-size\">2009-12-21 TVS7 SI<\/h3>\n\n\n\n\n<\/li><li class=\"wp-block-post post-133605 post type-post status-publish format-standard has-post-thumbnail hentry category-web-sajtovi tag-cre tag-shop\">\n\n\n<h3 style=\"margin-bottom:0.75rem;margin-top:0;\" class=\"has-text-align-center wp-block-post-title has-medium-font-size\">2010-01-15 UZCRE SR<\/h3>\n\n\n\n\n<\/li><li class=\"wp-block-post post-133607 post type-post status-publish format-standard has-post-thumbnail hentry category-web-sajtovi tag-cre tag-shop\">\n\n\n<h3 style=\"margin-bottom:0.75rem;margin-top:0;\" class=\"has-text-align-center wp-block-post-title has-medium-font-size\">2010-01-26 UZCRE HR<\/h3>\n\n\n\n\n<\/li><li class=\"wp-block-post post-133611 post type-post status-publish format-standard has-post-thumbnail hentry category-web-sajtovi tag-cre tag-shop\">\n\n\n<h3 style=\"margin-bottom:0.75rem;margin-top:0;\" class=\"has-text-align-center wp-block-post-title has-medium-font-size\">2010-02-06 UZCRE SI<\/h3>\n\n\n\n\n<\/li><\/ul>\n\n<\/div>\n<\/div><\/div>\n\n\n\n<div class=\"wp-block-uagb-container uagb-block-4e883ebc alignwide uagb-is-root-container\">\n<h2 class=\"wp-block-heading has-text-align-center\" id=\"h-novi-zdravi-saveti\">NOVI ZDRAVI SAVETI<\/h2>\n\n\n<\/div>\n\n\n\n<div class=\"wp-block-uagb-container uagb-block-2667b25a alignwide uagb-is-root-container\">\n<h2 class=\"wp-block-heading has-text-align-center\" id=\"h-popularni-zdravi-recepti\">POPULARNI ZDRAVI RECEPTI<\/h2>\n\n\n<\/div>\n\n\n\n<div class=\"wp-block-uagb-container uagb-block-45352eef alignfull uagb-is-root-container\"><div class=\"uagb-container-inner-blocks-wrap\">\n<h2 class=\"wp-block-heading has-text-align-center\" id=\"h-recenzije-komentari\">RECENZIJE \/ KOMENTARI<\/h2>\n\n\n\n<div class=\"wp-block-uagb-testimonial uagb-slick-carousel uagb-tm__arrow-outside uagb-block-65713f1b\"><div class=\"is-carousel uagb-tm__columns-1 uagb-tm__items\"><div class=\"uagb-testimonial__wrap  uagb-tm__imgicon-style-circle uagb-tm__image-position-bottom uagb-tm__bg-type-none\"><div class=\"uagb-tm__content\"><div class=\"uagb-tm__overlay\"><\/div><div class=\"uagb-tm__text-wrap\"><div class=\"uagb-tm__desc\">Testimonial 2<\/div><div class=\"uagb-tm__meta-inner\"><div class=\"uagb-testimonial-details\"><span class=\"uagb-tm__author-name\">Commenter 2 <\/span><span class=\"uagb-tm__company\">u003cstrongu003e05.06.2021u003c\/strongu003e<\/span><\/div><\/div><\/div><\/div><\/div><div class=\"uagb-testimonial__wrap  uagb-tm__imgicon-style-circle uagb-tm__image-position-bottom uagb-tm__bg-type-none\"><div class=\"uagb-tm__content\"><div class=\"uagb-tm__overlay\"><\/div><div class=\"uagb-tm__text-wrap\"><div class=\"uagb-tm__desc\">Testimonial 3<\/div><div class=\"uagb-tm__meta-inner\"><div class=\"uagb-testimonial-details\"><span class=\"uagb-tm__author-name\">Commenter 3<\/span><span class=\"uagb-tm__company\">u003cstrongu003e17.10.2022u003c\/strongu003e<\/span><\/div><\/div><\/div><\/div><\/div><div class=\"uagb-testimonial__wrap  uagb-tm__imgicon-style-circle uagb-tm__image-position-bottom uagb-tm__bg-type-none\"><div class=\"uagb-tm__content\"><div class=\"uagb-tm__overlay\"><\/div><div class=\"uagb-tm__text-wrap\"><div class=\"uagb-tm__desc\">Testimonial 1<\/div><div class=\"uagb-tm__meta-inner\"><div class=\"uagb-testimonial-details\"><span class=\"uagb-tm__author-name\">Commenter 1<\/span><span class=\"uagb-tm__company\">u003cstrongu003e14.11.2022\u00a0u003c\/strongu003e<\/span><\/div><\/div><\/div><\/div><\/div><\/div><\/div>\n<\/div><\/div>\n\n\n\n<div class=\"wp-block-uagb-container uagb-block-988d084a alignfull uagb-is-root-container\"><div class=\"uagb-container-inner-blocks-wrap\">\n<div class=\"wp-block-columns has-ffffff-background-color has-background is-layout-flex wp-container-core-columns-is-layout-9d6595d7 wp-block-columns-is-layout-flex\">\n<div class=\"wp-block-column is-layout-flow wp-block-column-is-layout-flow\">\n<h2 class=\"wp-block-heading has-text-color has-medium-font-size\" id=\"h-widget-1\" style=\"color:#0066b3\">Widget 1<\/h2>\n\n\n\n<p><a title=\"Follow us on Facebook\" href=\"http:\/\/www.facebook.com\/\/\" target=\"_blank\" rel=\"noopener\"><img decoding=\"async\" class=\"size-full wp-image-112\" src=\"\/wp-content\/uploads\/images\/template\/icon_facebook.png\" alt=\"Follow us on Facebook\" style=\"display: block; margin-left: auto; margin-right: auto; border: 0px solid silver; width: 80px;\" \/><\/a><\/p>\r\n<p>Follow us on Facebook<\/b>.<\/p>\n<\/div>\n\n\n\n<div class=\"wp-block-column has-small-font-size is-layout-flow wp-block-column-is-layout-flow\">\n<h2 class=\"wp-block-heading has-text-align-left has-text-color has-medium-font-size\" id=\"h-widget-2\" style=\"color:#0066b3\">Widget 2<\/h2>\n\n\n\n<p><a href=\"https:\/\/www.shop.com\/\" target=\"_blank\" title=\"Order online\" rel=\"noopener\"><img decoding=\"async\" src=\"\/wp-content\/uploads\/images\/template\/carts.jpg\" alt=\"Order online\" style=\"display: block; margin-left: auto; margin-right: auto; border: 0px solid silver; width: 200px;\"  \/><\/a><\/p>\r\n<p class=\"narucite_online\">Order online<\/p>\n<\/div>\n\n\n\n<div class=\"wp-block-column is-layout-flow wp-block-column-is-layout-flow\">\n<h2 class=\"wp-block-heading has-text-align-left has-text-color has-medium-font-size\" id=\"h-widget-3\" style=\"color:#0066b3\">Widget 3<\/h2>\n\n\n\n<p><a href=\"https:\/\/www.company.com\" target=\"_blank\" title=\"Company Info\" rel=\"noopener\"><img decoding=\"async\" src=\"\/wp-content\/uploads\/images\/template\/company_info.jpg\" alt=\"lcompany info\" style=\"display: block; margin-left: auto; margin-right: auto; border: 0px solid silver; width: 135px;\" \/><\/a><\/p>\r\n<p>Company Info<\/p>\n<\/div>\n<\/div>\n<\/div><\/div>\n\n\n\n<div class=\"wp-block-uagb-container uagb-block-a20c69c1 alignfull uagb-is-root-container\"><div class=\"uagb-container-inner-blocks-wrap\"><\/div><\/div>","protected":false},"excerpt":{"rendered":"","protected":false},"author":1,"featured_media":0,"parent":0,"menu_order":0,"comment_status":"closed","ping_status":"closed","template":"","meta":{"_acf_changed":false,"footnotes":""},"categories":[],"tags":[],"class_list":["post-178","page","type-page","status-publish","hentry"],"acf":[],"mb":[],"yoast_head":"<!-- This site is optimized with the Yoast SEO plugin v27.1.1 - https:\/\/yoast.com\/product\/yoast-seo-wordpress\/ -->\n<title>Home Astra - AUROIT<\/title>\n<meta name=\"description\" content=\"BEYOND je lider i pionir u proizvodnji organskih proizvoda od soje, namaza i zdravih slatki\u0161a i najve\u0107i doma\u0107i distributer organski gajenih proizvoda.Deo repertoara iz na\u0161e ponude mo\u017eete naru\u010diti preko ove Internet prodavnice zdrave hrane.Pregr\u0161t zdravih saveta mo\u017eete pro\u010ditati u na\u0161em Blogu.\" \/>\n<meta name=\"robots\" content=\"noindex, follow, max-snippet:-1, max-image-preview:large, max-video-preview:-1\" \/>\n<meta property=\"og:locale\" content=\"sr_RS\" \/>\n<meta property=\"og:type\" content=\"article\" \/>\n<meta property=\"og:title\" content=\"Home Astra - AUROIT\" \/>\n<meta property=\"og:description\" content=\"BEYOND je lider i pionir u proizvodnji organskih proizvoda od soje, namaza i zdravih slatki\u0161a i najve\u0107i doma\u0107i distributer organski gajenih proizvoda.Deo repertoara iz na\u0161e ponude mo\u017eete naru\u010diti preko ove Internet prodavnice zdrave hrane.Pregr\u0161t zdravih saveta mo\u017eete pro\u010ditati u na\u0161em Blogu.\" \/>\n<meta property=\"og:url\" content=\"https:\/\/auroit.com\/sr\/proizvodnja-prodaja-zdrave-hrane\/\" \/>\n<meta property=\"og:site_name\" content=\"AUROIT\" \/>\n<meta property=\"article:publisher\" content=\"https:\/\/www.facebook.com\/Beyond.rs\/\" \/>\n<meta property=\"article:modified_time\" content=\"2023-11-11T08:55:01+00:00\" \/>\n<meta name=\"twitter:card\" content=\"summary_large_image\" \/>\n<meta name=\"twitter:label1\" content=\"Procenjeno vreme \u010ditanja\" \/>\n\t<meta name=\"twitter:data1\" content=\"2 minuta\" \/>\n<script type=\"application\/ld+json\" class=\"yoast-schema-graph\">{\"@context\":\"https:\/\/schema.org\",\"@graph\":[{\"@type\":\"WebPage\",\"@id\":\"https:\/\/auroit.com\/proizvodnja-prodaja-zdrave-hrane\/\",\"url\":\"https:\/\/auroit.com\/proizvodnja-prodaja-zdrave-hrane\/\",\"name\":\"Home Astra - AUROIT\",\"isPartOf\":{\"@id\":\"https:\/\/auroit.com\/#website\"},\"datePublished\":\"2023-04-02T15:22:28+00:00\",\"dateModified\":\"2023-11-11T08:55:01+00:00\",\"description\":\"BEYOND je lider i pionir u proizvodnji organskih proizvoda od soje, namaza i zdravih slatki\u0161a i najve\u0107i doma\u0107i distributer organski gajenih proizvoda.Deo repertoara iz na\u0161e ponude mo\u017eete naru\u010diti preko ove Internet prodavnice zdrave hrane.Pregr\u0161t zdravih saveta mo\u017eete pro\u010ditati u na\u0161em Blogu.\",\"breadcrumb\":{\"@id\":\"https:\/\/auroit.com\/proizvodnja-prodaja-zdrave-hrane\/#breadcrumb\"},\"inLanguage\":\"sr-RS\",\"potentialAction\":[{\"@type\":\"ReadAction\",\"target\":[\"https:\/\/auroit.com\/proizvodnja-prodaja-zdrave-hrane\/\"]}]},{\"@type\":\"BreadcrumbList\",\"@id\":\"https:\/\/auroit.com\/proizvodnja-prodaja-zdrave-hrane\/#breadcrumb\",\"itemListElement\":[{\"@type\":\"ListItem\",\"position\":1,\"name\":\"Po\u010detna\",\"item\":\"https:\/\/auroit.com\/\"},{\"@type\":\"ListItem\",\"position\":2,\"name\":\"Home Astra\"}]},{\"@type\":\"WebSite\",\"@id\":\"https:\/\/auroit.com\/#website\",\"url\":\"https:\/\/auroit.com\/\",\"name\":\"Beyond.rs\",\"description\":\"Web dizajn, marketing, SEO\",\"publisher\":{\"@id\":\"https:\/\/auroit.com\/#organization\"},\"potentialAction\":[{\"@type\":\"SearchAction\",\"target\":{\"@type\":\"EntryPoint\",\"urlTemplate\":\"https:\/\/auroit.com\/?s={search_term_string}\"},\"query-input\":{\"@type\":\"PropertyValueSpecification\",\"valueRequired\":true,\"valueName\":\"search_term_string\"}}],\"inLanguage\":\"sr-RS\"},{\"@type\":\"Organization\",\"@id\":\"https:\/\/auroit.com\/#organization\",\"name\":\"Beyond doo\",\"url\":\"https:\/\/auroit.com\/\",\"logo\":{\"@type\":\"ImageObject\",\"inLanguage\":\"sr-RS\",\"@id\":\"https:\/\/auroit.com\/#\/schema\/logo\/image\/\",\"url\":\"\",\"contentUrl\":\"\",\"caption\":\"Beyond doo\"},\"image\":{\"@id\":\"https:\/\/auroit.com\/#\/schema\/logo\/image\/\"},\"sameAs\":[\"https:\/\/www.facebook.com\/Beyond.rs\/\"]}]}<\/script>\n<!-- \/ Yoast SEO plugin. -->","yoast_head_json":{"title":"Home Astra - AUROIT","description":"BEYOND je lider i pionir u proizvodnji organskih proizvoda od soje, namaza i zdravih slatki\u0161a i najve\u0107i doma\u0107i distributer organski gajenih proizvoda.Deo repertoara iz na\u0161e ponude mo\u017eete naru\u010diti preko ove Internet prodavnice zdrave hrane.Pregr\u0161t zdravih saveta mo\u017eete pro\u010ditati u na\u0161em Blogu.","robots":{"index":"noindex","follow":"follow","max-snippet":"max-snippet:-1","max-image-preview":"max-image-preview:large","max-video-preview":"max-video-preview:-1"},"og_locale":"sr_RS","og_type":"article","og_title":"Home Astra - AUROIT","og_description":"BEYOND je lider i pionir u proizvodnji organskih proizvoda od soje, namaza i zdravih slatki\u0161a i najve\u0107i doma\u0107i distributer organski gajenih proizvoda.Deo repertoara iz na\u0161e ponude mo\u017eete naru\u010diti preko ove Internet prodavnice zdrave hrane.Pregr\u0161t zdravih saveta mo\u017eete pro\u010ditati u na\u0161em Blogu.","og_url":"https:\/\/auroit.com\/sr\/proizvodnja-prodaja-zdrave-hrane\/","og_site_name":"AUROIT","article_publisher":"https:\/\/www.facebook.com\/Beyond.rs\/","article_modified_time":"2023-11-11T08:55:01+00:00","twitter_card":"summary_large_image","twitter_misc":{"Procenjeno vreme \u010ditanja":"2 minuta"},"schema":{"@context":"https:\/\/schema.org","@graph":[{"@type":"WebPage","@id":"https:\/\/auroit.com\/proizvodnja-prodaja-zdrave-hrane\/","url":"https:\/\/auroit.com\/proizvodnja-prodaja-zdrave-hrane\/","name":"Home Astra - AUROIT","isPartOf":{"@id":"https:\/\/auroit.com\/#website"},"datePublished":"2023-04-02T15:22:28+00:00","dateModified":"2023-11-11T08:55:01+00:00","description":"BEYOND je lider i pionir u proizvodnji organskih proizvoda od soje, namaza i zdravih slatki\u0161a i najve\u0107i doma\u0107i distributer organski gajenih proizvoda.Deo repertoara iz na\u0161e ponude mo\u017eete naru\u010diti preko ove Internet prodavnice zdrave hrane.Pregr\u0161t zdravih saveta mo\u017eete pro\u010ditati u na\u0161em Blogu.","breadcrumb":{"@id":"https:\/\/auroit.com\/proizvodnja-prodaja-zdrave-hrane\/#breadcrumb"},"inLanguage":"sr-RS","potentialAction":[{"@type":"ReadAction","target":["https:\/\/auroit.com\/proizvodnja-prodaja-zdrave-hrane\/"]}]},{"@type":"BreadcrumbList","@id":"https:\/\/auroit.com\/proizvodnja-prodaja-zdrave-hrane\/#breadcrumb","itemListElement":[{"@type":"ListItem","position":1,"name":"Po\u010detna","item":"https:\/\/auroit.com\/"},{"@type":"ListItem","position":2,"name":"Home Astra"}]},{"@type":"WebSite","@id":"https:\/\/auroit.com\/#website","url":"https:\/\/auroit.com\/","name":"Beyond.rs","description":"Web dizajn, marketing, SEO","publisher":{"@id":"https:\/\/auroit.com\/#organization"},"potentialAction":[{"@type":"SearchAction","target":{"@type":"EntryPoint","urlTemplate":"https:\/\/auroit.com\/?s={search_term_string}"},"query-input":{"@type":"PropertyValueSpecification","valueRequired":true,"valueName":"search_term_string"}}],"inLanguage":"sr-RS"},{"@type":"Organization","@id":"https:\/\/auroit.com\/#organization","name":"Beyond doo","url":"https:\/\/auroit.com\/","logo":{"@type":"ImageObject","inLanguage":"sr-RS","@id":"https:\/\/auroit.com\/#\/schema\/logo\/image\/","url":"","contentUrl":"","caption":"Beyond doo"},"image":{"@id":"https:\/\/auroit.com\/#\/schema\/logo\/image\/"},"sameAs":["https:\/\/www.facebook.com\/Beyond.rs\/"]}]}},"mfb_rest_fields":["title","yoast_head","yoast_head_json","gutenberg_elementor_mode"],"_links":{"self":[{"href":"https:\/\/auroit.com\/sr\/wp-json\/wp\/v2\/pages\/178","targetHints":{"allow":["GET"]}}],"collection":[{"href":"https:\/\/auroit.com\/sr\/wp-json\/wp\/v2\/pages"}],"about":[{"href":"https:\/\/auroit.com\/sr\/wp-json\/wp\/v2\/types\/page"}],"author":[{"embeddable":true,"href":"https:\/\/auroit.com\/sr\/wp-json\/wp\/v2\/users\/1"}],"replies":[{"embeddable":true,"href":"https:\/\/auroit.com\/sr\/wp-json\/wp\/v2\/comments?post=178"}],"version-history":[{"count":0,"href":"https:\/\/auroit.com\/sr\/wp-json\/wp\/v2\/pages\/178\/revisions"}],"wp:attachment":[{"href":"https:\/\/auroit.com\/sr\/wp-json\/wp\/v2\/media?parent=178"}],"wp:term":[{"taxonomy":"category","embeddable":true,"href":"https:\/\/auroit.com\/sr\/wp-json\/wp\/v2\/categories?post=178"},{"taxonomy":"post_tag","embeddable":true,"href":"https:\/\/auroit.com\/sr\/wp-json\/wp\/v2\/tags?post=178"}],"curies":[{"name":"wp","href":"https:\/\/api.w.org\/{rel}","templated":true}]}}