{"id":114471,"date":"2023-10-29T19:41:37","date_gmt":"2023-10-29T18:41:37","guid":{"rendered":"http:\/\/www.beyond.rs\/?page_id=114471"},"modified":"2025-07-10T20:27:37","modified_gmt":"2025-07-10T19:27:37","slug":"uslovi-koriscenja","status":"publish","type":"page","link":"https:\/\/auroit.com\/sr\/uslovi-koriscenja\/","title":{"rendered":"Uslovi kori\u0161\u0107enja"},"content":{"rendered":"<p><a id=\"pravila\" name=\"pravila\"><\/a><\/p>\n<h2>OP\u0160TA PRAVILA<\/h2>\n<p><em>Op\u0161ti uslovi kori\u0161\u0107enja<\/em> defini\u0161u postupak naru\u010divanja, pla\u0107anja, isporuke i povrata odnosno reklamacije robe ponu\u0111ene na na\u0161im stranicama. <\/p>\n<h2>PRIVATNOST PODATAKA<\/h2>\n<p>Auroit se obavezuje da ne\u0107e zloupotrebljavati li\u010dne podatke iz obrasca narud\u017ebe. Li\u010dnim podacima smatraju se svi podaci kojima se utvr\u0111uje identitet Kupca (kao \u0161to su ime i prezime, adresa e-po\u0161te, adresa stanovanja i sl.).<\/p>\n<p>Da bismo uspe\u0161no obradili Va\u0161u porud\u017ebinu, potrebni su nam Va\u0161e ime i prezime, adresa, e-mail i broj telefona. Pomo\u0107u tih podataka bi\u0107emo u mogu\u0107nosti da Vam isporu\u010dimo \u017eeljenu robu, kao i da Vas obavestimo o trenutnom statusu porud\u017ebine. Podatke sakupljamo na osnovu zaklju\u010denja ugovora o kupovini robe na daljinu, kako bismo mogli da isporu\u010dimo \u017eeljene artikle na adresu\/adrese navedene u narud\u017ebi.<\/p>\n<p>Pored navedenih podataka, prikupljamo, analiziramo i obra\u0111ujemo podatke o proizvodima koje na\u0161i posetioci tra\u017ee i kupuju, kao i o stranicama koje pose\u0107uju. Te podatke koristimo da bismo pobolj\u0161ali ponudu i izgled na\u0161ih stranica, i omogu\u0107ili Vam jednostavnije kori\u0161\u0107enje i sigurniju i udobniju kupovinu.<\/p>\n<p><em>Cookies (\u201ckola\u010di\u0107i\u201d)<\/em><br \/>\nCookies (u daljem tekstu: kola\u010di\u0107i) su mali tekstualni fajlovi koji se plasiraju na ra\u010dunar korisnika, a zarad optimizacije i personalizovanja korisni\u010dkog iskustva. Neke od Usluga koje Beyond pru\u017ea sastoje se iz plasiranja tehnologije kola\u010di\u0107a. Korisnik mo\u017ee blokirati upotrebu nekih kola\u010di\u0107a koje Beyond koristi.<\/p>\n<p>Svi podaci o Kupcima strogo se \u010duvaju i dostupni su samo onima kojima su ti podaci nu\u017eni za obavljanje posla.<\/p>\n<p>Beyond se obavezuje da \u0107e pru\u017eati za\u0161titu li\u010dnim podacima Kupaca na na\u010din da prikuplja samo osnovne podatke o Kupcima koji su nu\u017eni za ispunjenje obaveza.<\/p>\n<p>Podatke koji se pristupom na internet stranicu automatski bele\u017ee, a nisu li\u010dni podaci (vrste pretra\u017eiva\u010da, broj poseta, vreme provedeno na stranicama i sl.) Beyond ima pravo da koristi isklju\u010divo radi ocene pose\u0107enosti internet stranice i radi pobolj\u0161anja njenog sadr\u017eaja i funkcionalnosti.<\/p>\n<p>Auroit ne razmenjuje informacije o korisnicima sa tre\u0107im licima. Auroit mo\u017ee eventualno koristiti pomenute informacije u cilju odr\u017eavanja kontakta sa korisnicima i obave\u0161tavanja o razvoju na\u0161eg biznisa. Ukoliko \u017eelite da koristite servis e-mail novosti, potrebna nam je Va\u0161a e-mail adresa. Ukoliko ne budete \u017eeleli da primate obave\u0161tenja takve vrste, u svakom trenutku se mo\u017eete odjaviti i Va\u0161a e-mail adresa bi\u0107e izbrisana. U ovom slu\u010daju korisnici imaju mogu\u0107nost da se ispi\u0161u sa na\u0161e mailing liste kad god to \u017eele.<\/p>\n<p>Ukoliko u nekom trenutku u budu\u0107nosti budemo primorani da otkrijemo sakupljene informacije tre\u0107oj strani (npr. dr\u017eavnim organima), o tome \u0107e korisnik biti obave\u0161ten i dati svoju saglasnost. Beyond d.o.o. mo\u017ee povremeno objaviti informacije op\u0161teg tipa tre\u0107im licima \u2013 na primer, broj posetilaca sajta koji su popunili neku online narud\u017ebu, ali pritom nikada ne\u0107e uklju\u010diti informacije pomo\u0107u kojih bi se mogli identifikovati pojedinci, osobe koje su popunile pomenutu formu.<\/p>\n<p>Sigurnost Va\u0161ih li\u010dnih podataka je visok prioritet, tako da koristimo tehni\u010dke mere kako bi se omogu\u0107io pouzdan, ta\u010dan i siguran transfer podataka. Veb stranice prodavnicazdravehrane.rs koriste tehnologiju enkripcije SSL, kako bi se za\u0161titili Va\u0161i li\u010dni podaci tokom transfera podataka. Tako\u0111e koristimo i savremenu antivirusnu za\u0161titu.<\/p>\n<p>Va\u0161i podaci se \u010duvaju sve dok postoji potreba za komunikacijom sa korisnicima na\u0161eg e-shopa (na primer, obave\u0161tavanje o novitetima u na\u0161oj ponudi).<\/p>\n<p>U skladu sa Zakonom o za\u0161titi podataka, imate slede\u0107a prava u vezi sa obradom va\u0161ih podataka o li\u010dnosti:<br \/>\n&#8211; Pravo da dobijete potvrdu da li obra\u0111ujemo va\u0161e podatke o li\u010dnosti<br \/>\n&#8211; Pravo pristupa va\u0161im podacima o li\u010dnosti<br \/>\n&#8211; Pravo na ispravku va\u0161ih podataka o li\u010dnosti u slu\u010daju gre\u0161ke<br \/>\n&#8211; Pravo da zahtevate prekid obrade va\u0161ih podataka o li\u010dnosti<br \/>\n&#8211; Pravo na brisanje va\u0161ih podataka o li\u010dnosti<br \/>\n&#8211; Pravo da zatra\u017eite prenos va\u0161ih podataka o li\u010dnosti kod drugog pru\u017eaoca usluge<\/p>\n<p>Maloletna lica<br \/>\nMaloletno lice koje je navr\u0161ilo 15 (slovima: petnaest) godina mo\u017ee samostalno da daje pristanak za obradu podataka o svojoj li\u010dnosti u kori\u0161\u0107enju Usluga.\u00a0Ako se radi o maloletnom licu koje nije navr\u0161ilo 15 (slovima: petnaest) godina, za obradu podataka pristanak mora dati roditelj koji vr\u0161i roditeljsko pravo, odnosno drugi zakonski zastupnik maloletnog lica.<\/p>\n<p>Sva va\u0161a prava mo\u017eete ostvariti ako nas kontaktirate na slede\u0107e na\u010dine:<br \/>\nSlanjem e-mail poruke na <a href=\"mailto:office@beyond.rs\"><span data-mce-type=\"bookmark\" style=\"display: inline-block; width: 0px; overflow: hidden; line-height: 0;\" class=\"mce_SELRES_start\"><\/span>office@beyond.rs<\/a><br \/>\nPoziv telefonom na 018-514-182<br \/>\npismeno na adresu: Beyond, Vo\u017edova 76b, 18000 Ni\u0161.<\/p>\n<p>Nadle\u017eni organ za za\u0161titu podataka o li\u010dnosti je Poverenik za informacije od javnog zna\u010daja i za\u0161titu podataka o li\u010dnosti Republike Srbije. Organu se mo\u017eete obratiti na adresi Bulevar kralja Aleksandra 15, 11000 Beograd, Republika Srbija, mejlom na <a href=\"mailto:office@poverenik.rs\">office@poverenik.rs<\/a> ili telefonom na + 381 11 3408-900<\/p>\n<p>Hvala na poverenju,<\/p>\n<p>Va\u0161a Internet prodavnica zdrave hrane BEYOND.<\/p>","protected":false},"excerpt":{"rendered":"<p>OP\u0160TA PRAVILA Op\u0161ti uslovi kori\u0161\u0107enja defini\u0161u postupak naru\u010divanja, pla\u0107anja, isporuke i povrata odnosno reklamacije robe ponu\u0111ene na na\u0161im stranicama. PRIVATNOST PODATAKA Auroit se obavezuje da&#8230;<\/p>","protected":false},"author":1,"featured_media":132966,"parent":0,"menu_order":0,"comment_status":"closed","ping_status":"closed","template":"","meta":{"_acf_changed":false,"footnotes":""},"categories":[3938],"tags":[],"class_list":["post-114471","page","type-page","status-publish","has-post-thumbnail","hentry","category-uputstva"],"acf":[],"mb":[],"yoast_head":"<!-- This site is optimized with the Yoast SEO plugin v27.1.1 - https:\/\/yoast.com\/product\/yoast-seo-wordpress\/ -->\n<title>Uslovi kori\u0161\u0107enja - AUROIT<\/title>\n<meta name=\"robots\" content=\"noindex, follow, max-snippet:-1, max-image-preview:large, max-video-preview:-1\" \/>\n<meta property=\"og:locale\" content=\"sr_RS\" \/>\n<meta property=\"og:type\" content=\"article\" \/>\n<meta property=\"og:title\" content=\"Uslovi kori\u0161\u0107enja - AUROIT\" \/>\n<meta property=\"og:description\" content=\"OP\u0160TA PRAVILA Op\u0161ti uslovi kori\u0161\u0107enja defini\u0161u postupak naru\u010divanja, pla\u0107anja, isporuke i povrata odnosno reklamacije robe ponu\u0111ene na na\u0161im stranicama. PRIVATNOST PODATAKA Auroit se obavezuje da...\" \/>\n<meta property=\"og:url\" content=\"https:\/\/auroit.com\/sr\/uslovi-koriscenja\/\" \/>\n<meta property=\"og:site_name\" content=\"AUROIT\" \/>\n<meta property=\"article:publisher\" content=\"https:\/\/www.facebook.com\/Beyond.rs\/\" \/>\n<meta property=\"article:modified_time\" content=\"2025-07-10T19:27:37+00:00\" \/>\n<meta property=\"og:image\" content=\"https:\/\/auroit.com\/wp-content\/uploads\/uslovi-koriscenja.webp\" \/>\n\t<meta property=\"og:image:width\" content=\"1920\" \/>\n\t<meta property=\"og:image:height\" content=\"1080\" \/>\n\t<meta property=\"og:image:type\" content=\"image\/webp\" \/>\n<meta name=\"twitter:card\" content=\"summary_large_image\" \/>\n<meta name=\"twitter:label1\" content=\"Procenjeno vreme \u010ditanja\" \/>\n\t<meta name=\"twitter:data1\" content=\"19 minuta\" \/>\n<script type=\"application\/ld+json\" class=\"yoast-schema-graph\">{\"@context\":\"https:\/\/schema.org\",\"@graph\":[{\"@type\":\"WebPage\",\"@id\":\"https:\/\/auroit.com\/uslovi-koriscenja\/\",\"url\":\"https:\/\/auroit.com\/uslovi-koriscenja\/\",\"name\":\"Uslovi kori\u0161\u0107enja - AUROIT\",\"isPartOf\":{\"@id\":\"https:\/\/auroit.com\/#website\"},\"primaryImageOfPage\":{\"@id\":\"https:\/\/auroit.com\/uslovi-koriscenja\/#primaryimage\"},\"image\":{\"@id\":\"https:\/\/auroit.com\/uslovi-koriscenja\/#primaryimage\"},\"thumbnailUrl\":\"https:\/\/auroit.com\/wp-content\/uploads\/uslovi-koriscenja.webp\",\"datePublished\":\"2023-10-29T18:41:37+00:00\",\"dateModified\":\"2025-07-10T19:27:37+00:00\",\"breadcrumb\":{\"@id\":\"https:\/\/auroit.com\/uslovi-koriscenja\/#breadcrumb\"},\"inLanguage\":\"sr-RS\",\"potentialAction\":[{\"@type\":\"ReadAction\",\"target\":[\"https:\/\/auroit.com\/uslovi-koriscenja\/\"]}]},{\"@type\":\"ImageObject\",\"inLanguage\":\"sr-RS\",\"@id\":\"https:\/\/auroit.com\/uslovi-koriscenja\/#primaryimage\",\"url\":\"https:\/\/auroit.com\/wp-content\/uploads\/uslovi-koriscenja.webp\",\"contentUrl\":\"https:\/\/auroit.com\/wp-content\/uploads\/uslovi-koriscenja.webp\",\"width\":1920,\"height\":1080,\"caption\":\"Uslovi kori\u0161\u0107enja\"},{\"@type\":\"BreadcrumbList\",\"@id\":\"https:\/\/auroit.com\/uslovi-koriscenja\/#breadcrumb\",\"itemListElement\":[{\"@type\":\"ListItem\",\"position\":1,\"name\":\"Po\u010detna\",\"item\":\"https:\/\/auroit.com\/\"},{\"@type\":\"ListItem\",\"position\":2,\"name\":\"Uputstva\",\"item\":\"https:\/\/auroit.com\/blog\/uputstva\/\"},{\"@type\":\"ListItem\",\"position\":3,\"name\":\"Uslovi kori\u0161\u0107enja\"}]},{\"@type\":\"WebSite\",\"@id\":\"https:\/\/auroit.com\/#website\",\"url\":\"https:\/\/auroit.com\/\",\"name\":\"Beyond.rs\",\"description\":\"Web dizajn, marketing, SEO\",\"publisher\":{\"@id\":\"https:\/\/auroit.com\/#organization\"},\"potentialAction\":[{\"@type\":\"SearchAction\",\"target\":{\"@type\":\"EntryPoint\",\"urlTemplate\":\"https:\/\/auroit.com\/?s={search_term_string}\"},\"query-input\":{\"@type\":\"PropertyValueSpecification\",\"valueRequired\":true,\"valueName\":\"search_term_string\"}}],\"inLanguage\":\"sr-RS\"},{\"@type\":\"Organization\",\"@id\":\"https:\/\/auroit.com\/#organization\",\"name\":\"Beyond doo\",\"url\":\"https:\/\/auroit.com\/\",\"logo\":{\"@type\":\"ImageObject\",\"inLanguage\":\"sr-RS\",\"@id\":\"https:\/\/auroit.com\/#\/schema\/logo\/image\/\",\"url\":\"\",\"contentUrl\":\"\",\"caption\":\"Beyond doo\"},\"image\":{\"@id\":\"https:\/\/auroit.com\/#\/schema\/logo\/image\/\"},\"sameAs\":[\"https:\/\/www.facebook.com\/Beyond.rs\/\"]}]}<\/script>\n<!-- \/ Yoast SEO plugin. -->","yoast_head_json":{"title":"Uslovi kori\u0161\u0107enja - AUROIT","robots":{"index":"noindex","follow":"follow","max-snippet":"max-snippet:-1","max-image-preview":"max-image-preview:large","max-video-preview":"max-video-preview:-1"},"og_locale":"sr_RS","og_type":"article","og_title":"Uslovi kori\u0161\u0107enja - AUROIT","og_description":"OP\u0160TA PRAVILA Op\u0161ti uslovi kori\u0161\u0107enja defini\u0161u postupak naru\u010divanja, pla\u0107anja, isporuke i povrata odnosno reklamacije robe ponu\u0111ene na na\u0161im stranicama. PRIVATNOST PODATAKA Auroit se obavezuje da...","og_url":"https:\/\/auroit.com\/sr\/uslovi-koriscenja\/","og_site_name":"AUROIT","article_publisher":"https:\/\/www.facebook.com\/Beyond.rs\/","article_modified_time":"2025-07-10T19:27:37+00:00","og_image":[{"width":1920,"height":1080,"url":"https:\/\/auroit.com\/wp-content\/uploads\/uslovi-koriscenja.webp","type":"image\/webp"}],"twitter_card":"summary_large_image","twitter_misc":{"Procenjeno vreme \u010ditanja":"19 minuta"},"schema":{"@context":"https:\/\/schema.org","@graph":[{"@type":"WebPage","@id":"https:\/\/auroit.com\/uslovi-koriscenja\/","url":"https:\/\/auroit.com\/uslovi-koriscenja\/","name":"Uslovi kori\u0161\u0107enja - AUROIT","isPartOf":{"@id":"https:\/\/auroit.com\/#website"},"primaryImageOfPage":{"@id":"https:\/\/auroit.com\/uslovi-koriscenja\/#primaryimage"},"image":{"@id":"https:\/\/auroit.com\/uslovi-koriscenja\/#primaryimage"},"thumbnailUrl":"https:\/\/auroit.com\/wp-content\/uploads\/uslovi-koriscenja.webp","datePublished":"2023-10-29T18:41:37+00:00","dateModified":"2025-07-10T19:27:37+00:00","breadcrumb":{"@id":"https:\/\/auroit.com\/uslovi-koriscenja\/#breadcrumb"},"inLanguage":"sr-RS","potentialAction":[{"@type":"ReadAction","target":["https:\/\/auroit.com\/uslovi-koriscenja\/"]}]},{"@type":"ImageObject","inLanguage":"sr-RS","@id":"https:\/\/auroit.com\/uslovi-koriscenja\/#primaryimage","url":"https:\/\/auroit.com\/wp-content\/uploads\/uslovi-koriscenja.webp","contentUrl":"https:\/\/auroit.com\/wp-content\/uploads\/uslovi-koriscenja.webp","width":1920,"height":1080,"caption":"Uslovi kori\u0161\u0107enja"},{"@type":"BreadcrumbList","@id":"https:\/\/auroit.com\/uslovi-koriscenja\/#breadcrumb","itemListElement":[{"@type":"ListItem","position":1,"name":"Po\u010detna","item":"https:\/\/auroit.com\/"},{"@type":"ListItem","position":2,"name":"Uputstva","item":"https:\/\/auroit.com\/blog\/uputstva\/"},{"@type":"ListItem","position":3,"name":"Uslovi kori\u0161\u0107enja"}]},{"@type":"WebSite","@id":"https:\/\/auroit.com\/#website","url":"https:\/\/auroit.com\/","name":"Beyond.rs","description":"Web dizajn, marketing, SEO","publisher":{"@id":"https:\/\/auroit.com\/#organization"},"potentialAction":[{"@type":"SearchAction","target":{"@type":"EntryPoint","urlTemplate":"https:\/\/auroit.com\/?s={search_term_string}"},"query-input":{"@type":"PropertyValueSpecification","valueRequired":true,"valueName":"search_term_string"}}],"inLanguage":"sr-RS"},{"@type":"Organization","@id":"https:\/\/auroit.com\/#organization","name":"Beyond doo","url":"https:\/\/auroit.com\/","logo":{"@type":"ImageObject","inLanguage":"sr-RS","@id":"https:\/\/auroit.com\/#\/schema\/logo\/image\/","url":"","contentUrl":"","caption":"Beyond doo"},"image":{"@id":"https:\/\/auroit.com\/#\/schema\/logo\/image\/"},"sameAs":["https:\/\/www.facebook.com\/Beyond.rs\/"]}]}},"mfb_rest_fields":["title","yoast_head","yoast_head_json","gutenberg_elementor_mode"],"_links":{"self":[{"href":"https:\/\/auroit.com\/sr\/wp-json\/wp\/v2\/pages\/114471","targetHints":{"allow":["GET"]}}],"collection":[{"href":"https:\/\/auroit.com\/sr\/wp-json\/wp\/v2\/pages"}],"about":[{"href":"https:\/\/auroit.com\/sr\/wp-json\/wp\/v2\/types\/page"}],"author":[{"embeddable":true,"href":"https:\/\/auroit.com\/sr\/wp-json\/wp\/v2\/users\/1"}],"replies":[{"embeddable":true,"href":"https:\/\/auroit.com\/sr\/wp-json\/wp\/v2\/comments?post=114471"}],"version-history":[{"count":8,"href":"https:\/\/auroit.com\/sr\/wp-json\/wp\/v2\/pages\/114471\/revisions"}],"predecessor-version":[{"id":133437,"href":"https:\/\/auroit.com\/sr\/wp-json\/wp\/v2\/pages\/114471\/revisions\/133437"}],"wp:featuredmedia":[{"embeddable":true,"href":"https:\/\/auroit.com\/sr\/wp-json\/wp\/v2\/media\/132966"}],"wp:attachment":[{"href":"https:\/\/auroit.com\/sr\/wp-json\/wp\/v2\/media?parent=114471"}],"wp:term":[{"taxonomy":"category","embeddable":true,"href":"https:\/\/auroit.com\/sr\/wp-json\/wp\/v2\/categories?post=114471"},{"taxonomy":"post_tag","embeddable":true,"href":"https:\/\/auroit.com\/sr\/wp-json\/wp\/v2\/tags?post=114471"}],"curies":[{"name":"wp","href":"https:\/\/api.w.org\/{rel}","templated":true}]}}